{"id":124105,"date":"2021-01-22T08:17:35","date_gmt":"2021-01-22T08:17:35","guid":{"rendered":"https:\/\/betzzia.com\/politica-dei-social-network\/"},"modified":"2021-01-22T08:17:35","modified_gmt":"2021-01-22T08:17:35","slug":"politica-dei-social-network","status":"publish","type":"page","link":"https:\/\/betzzia.com\/it\/politica-dei-social-network\/","title":{"rendered":"Politica dei social network"},"content":{"rendered":"<p><b><span class=\"Apple-converted-space\">&nbsp;<\/span><\/b><b>Betzzia S.L.<\/b><\/p>\n<p>In ottemperanza alla Legge Organica 3\/2018, LOPD-GDD sulla Protezione dei Dati Personali e Garanzia dei Diritti Digitali, al Regolamento Europeo 2016\/679 sulla protezione dei dati personali (RGPD) e alla Legge 34\/2002, dell\u201911 luglio, sui Servizi della Societ\u00e0 dell\u2019Informazione e sul Commercio Elettronico (LSSICE), Betzzia S.L. informa gli Utenti di aver creato un profilo sui social network Facebook, Twitter, Instagram, LinkedIn e YouTube con la finalit\u00e0 principale di fornire informazioni e pubblicizzare i propri prodotti e servizi.<\/p>\n<p>Betzzia S.L.<\/p>\n<p>Alemania, 24 <span class=\"Apple-converted-space\">&nbsp; <\/span>08917  <span class=\"Apple-converted-space\">&nbsp; <\/span>Barcelona<\/p>\n<p>www.betzzia.com<\/p>\n<p>info@betzzia.com<\/p>\n<p>L\u2019Utente dispone di un profilo sul medesimo Social Network e ha deciso di unirsi alla pagina creata da Betzzia S.L., mostrando cos\u00ec interesse per le informazioni pubblicate sulla Rete. Unendosi alla nostra pagina, ci fornisce il suo consenso al trattamento dei dati personali pubblicati nel suo profilo. <\/p>\n<p>L\u2019utente pu\u00f2 accedere in qualsiasi momento alle politiche sulla privacy del proprio Social Network, nonch\u00e9 configurare il proprio profilo per garantirne la riservatezza.<\/p>\n<p>Betzzia S.L. tratta le informazioni pubbliche dell\u2019Utente, in particolare il suo nome di contatto. Questi dati vengono utilizzati esclusivamente all\u2019interno del Social Network stesso e non sono inseriti in alcun archivio. <\/p>\n<p>In relazione ai diritti di accesso, rettifica, cancellazione e opposizione, di cui Lei dispone e che possono essere esercitati presso Betzzia S.L., deve tenere in considerazione i seguenti aspetti:<\/p>\n<p>\u2022 Derecho de Acceso: Es el derecho del Usuario a obtener informaci\u00f3n sobre sus datos concretos de car\u00e1cter personal y de tratamiento que Betzzia S.L. haya realizado o realice, as\u00ed como de la informaci\u00f3n disponible sobre el origen de estos datos y las comunicaciones realizadas o previstas de los mismos. Este derecho vendr\u00e1 definido por la funcionalidad de la Red Social y la capacidad de acceso a la informaci\u00f3n de los perfiles de los Usuarios. <\/p>\n<p>\u2022 Diritto di Rettifica: \u00c8 il diritto dell\u2019interessato a che vengano modificati i dati che risultino inesatti o incompleti. Potr\u00e0 essere soddisfatto solo in relazione alle informazioni che si trovino sotto il controllo di Betzzia S.L. (ad esempio, eliminare commenti pubblicati sul proprio profilo). Normalmente, questo diritto deve essere esercitato presso il Social Network.  <\/p>\n<p>\u2022 Diritto di Cancellazione: \u00c8 il diritto di eliminare i dati personali dell\u2019Utente, fatta eccezione per quanto previsto da altre leggi applicabili che ne determinino l\u2019obbligo di conservazione, nei modi e nei tempi stabiliti. Tale diritto potr\u00e0 essere esercitato, ad esempio, scollegando il profilo a cui \u00e8 connesso. <\/p>\n<p>\u2022 Diritto di Opposizione: \u00c8 il diritto dell\u2019Utente a che non venga effettuato il trattamento dei propri dati personali o che Betzzia S.L. cessi il loro trattamento. Come nel diritto di cancellazione, potr\u00e0 esercitarlo, ad esempio, scollegando il profilo a cui \u00e8 connesso.<\/p>\n<p><b>.<\/b> Diritto alla Limitazione. L\u2019interessato pu\u00f2 richiedere l\u2019esercizio del proprio diritto a limitare il trattamento dei suoi dati nei casi in cui: <\/p>\n<ul>\n<li>L\u2019Interessato contesti l\u2019esattezza dei dati.<\/li>\n<li>Quando i dati raccolti non siano necessari per le finalit\u00e0 del trattamento ma siano invece necessari per il riconoscimento, l\u2019esercizio o la difesa di un procedimento giudiziario.<\/li>\n<li>Quando l\u2019Interessato si opponga al trattamento mentre si verifica se prevalgano i motivi legittimi del Responsabile del Trattamento rispetto a quelli dell\u2019Interessato.<\/li>\n<\/ul>\n<p><b>.<\/b> Diritto alla Portabilit\u00e0. L\u2019Interessato ha il diritto di ricevere i propri dati personali, dal Responsabile del Trattamento al quale li abbia precedentemente forniti, in un formato strutturato, di uso comune e leggibile da dispositivo automatico, con l\u2019obiettivo di trasmetterli a un altro Responsabile, senza che ci\u00f2 venga impedito dal Responsabile del Trattamento al quale aveva precedentemente fornito i dati. Inoltre, l\u2019Interessato, nell\u2019esercizio del proprio diritto alla portabilit\u00e0, pu\u00f2 richiedere che i suoi dati vengano trasmessi direttamente da un Responsabile all\u2019altro.  <\/p>\n<p><b>.<\/b> Diritto alla Cancellazione e all\u2019Oblio. L\u2019Interessato ha il diritto alla cancellazione dei propri dati personali quando: <\/p>\n<ul>\n<li>Questi non siano pi\u00f9 necessari per la finalit\u00e0 per la quale sono stati raccolti<\/li>\n<li>Abb ia ritirato il consenso e non esista alcun fondamento giuridico che indichi il contrario.<\/li>\n<li>Sia stato esercitato il Suo diritto di opposizione al trattamento dei Suoi dati e non prevalgano motivi legittimi per tale trattamento.<\/li>\n<li>I dati siano trattati in modo illecito o debbano essere cancellati per un obbligo giuridico cui \u00e8 soggetto il Responsabile del Trattamento.<\/li>\n<li>I dati siano stati ottenuti nell\u2019ambito di una relazione con l\u2019offerta di servizi della Societ\u00e0 dell\u2019Informazione.<\/li>\n<\/ul>\n<p>Per poter esercitare uno qualsiasi dei diritti sopra descritti \u00e8 necessario soddisfare i seguenti requisiti:<\/p>\n<ol>\n<li>Presentazione di una comunicazione indirizzata a Betzzia S.L., all\u2019indirizzo Alemania, 24, 08917, Barcellona, oppure via e-mail a info@betzzia.com.<\/li>\n<li>La comunicazione inviata dal titolare dei dati che richieda l\u2019esercizio deve soddisfare i requisiti legali:\n<ul>\n<li>Nome, cognome dell\u2019interessato e copia del documento d\u2019identit\u00e0. Nei casi eccezionali in cui sia ammessa la rappresentanza, sar\u00e0 inoltre necessaria l\u2019identificazione con lo stesso mezzo della persona che lo rappresenta, nonch\u00e9 il documento che attesti la rappresentanza. La fotocopia del documento d\u2019identit\u00e0 potr\u00e0 essere sostituita purch\u00e9 l\u2019identit\u00e0 venga comprovata con qualsiasi altro mezzo valido a norma di legge.  <\/li>\n<li>Richiesta in cui si specifichi l\u2019oggetto della domanda. Se non viene fatto riferimento a un archivio specifico, saranno fornite tutte le informazioni disponibili con i Suoi dati personali. Se richiede informazioni su un archivio specifico, verranno fornite solo quelle relative a tale archivio. Se richiede informazioni relative a un terzo, queste non potranno mai essere fornite. Se la richiesta viene effettuata telefonicamente, Le sar\u00e0 indicato di presentarla per iscritto e Le saranno fornite le istruzioni su come farlo e l\u2019indirizzo a cui inviarla.    <\/li>\n<li>Domicilio ai fini delle notifiche.<\/li>\n<li>Data e firma del firmatario<span class=\"Apple-converted-space\">&nbsp;<\/span><\/li>\n<\/ul>\n<\/li>\n<\/ol>\n<p>3. Documenti giustificativi della richiesta presentata.<\/p>\n<p>4. L\u2019interessato deve utilizzare qualsiasi mezzo che consenta di comprovare l\u2019invio e la<span class=\"Apple-converted-space\">&nbsp; &nbsp; &nbsp; &nbsp; &nbsp; &nbsp; &nbsp; &nbsp; <\/span>ricezione della richiesta.<\/p>\n<p>Utilizzo del profilo<\/p>\n<p>Betzzia S.L. realizzer\u00e0 le seguenti azioni:<\/p>\n<ul>\n<li>Accesso alle informazioni pubbliche del profilo.<\/li>\n<li>Pubblicazione sul profilo dell\u2019Utente di tutte le informazioni gi\u00e0 pubblicate sulla pagina di Betzzia S.L.<\/li>\n<li>Inviare messaggi personali e individuali attraverso i canali del Social Network.<\/li>\n<li>Aggiornamenti dello stato della pagina che saranno pubblicati sul profilo dell\u2019Utente.<\/li>\n<\/ul>\n<p>L\u2019utente pu\u00f2 sempre controllare le proprie connessioni, eliminare i contenuti che non siano pi\u00f9 di suo interesse e limitare con chi condivide le proprie connessioni; per questo dovr\u00e0 accedere alle proprie impostazioni di privacy.<\/p>\n<p>Publicaciones<\/p>\n<p>L\u2019Utente, una volta unito alla pagina di Betzzia S.L., potr\u00e0 pubblicare su quest\u2019ultima commenti, link, immagini o fotografie o qualsiasi altro tipo di contenuto multimediale supportato dal Social Network. L\u2019utente, in ogni caso, deve esserne il titolare, godere dei diritti d\u2019autore e di propriet\u00e0 intellettuale o disporre del consenso dei terzi interessati. \u00c8 espressamente vietata qualsiasi pubblicazione sulla pagina, siano essi testi, grafici, fotografie, video, ecc., che offendano o possano offendere la morale, l\u2019etica, il buon gusto o il decoro e\/o che violino o possano violare i diritti di propriet\u00e0 intellettuale o industriale, il diritto all\u2019immagine o la Legge. In tali casi, Betzzia S.L. si riserva il diritto di rimuovere immediatamente il contenuto, potendo richiedere il blocco permanente dell\u2019Utente.   <\/p>\n<p>Betzzia S.L. non sar\u00e0 responsabile dei contenuti pubblicati liberamente da un Utente.<\/p>\n<p>L\u2019Utente deve tenere presente che le sue pubblicazioni saranno visibili agli altri utenti e, pertanto, \u00e8 il principale responsabile della propria privacy.<\/p>\n<p>Le immagini che possano essere pubblicate sulla pagina non saranno archiviate in alcun file da Betzzia S.L., ma rimarranno comunque sul Social Network.<\/p>\n<p>Concorsi e promozioni<\/p>\n<p>Betzzia S.L. si riserva il diritto di realizzare concorsi e promozioni, ai quali potr\u00e0 partecipare l\u2019Utente collegato alla sua pagina. I regolamenti di ciascuno di essi, quando venga utilizzata a tal fine la piattaforma del Social Network, saranno pubblicati sulla stessa, rispettando sempre la LSSICE e qualsiasi altra normativa applicabile. <\/p>\n<p>Il Social Network non sponsorizza, avalla n\u00e9 amministra in alcun modo le nostre promozioni, n\u00e9 \u00e8 ad esse associato.<\/p>\n<p>Pubblicit\u00e0<\/p>\n<p>Betzzia S.L. utilizzer\u00e0 il Social Network per pubblicizzare i propri prodotti e servizi. In ogni caso, se decidesse di trattare i Suoi dati di contatto per svolgere azioni dirette di prospezione commerciale, ci\u00f2 avverr\u00e0 sempre nel rispetto dei requisiti legali del RGPD e della LSSICE. <\/p>\n<p>Non si considera pubblicit\u00e0 il fatto di raccomandare ad altri Utenti la pagina di Betzzia S.L. affinch\u00e9 anch\u2019essi possano usufruire delle promozioni o essere informati sulla sua attivit\u00e0.<\/p>\n<p>Di seguito riportiamo il link all\u2019informativa sulla privacy dei diversi Social Network:<\/p>\n<p>Facebook:&nbsp;https:\/\/www.facebook.com\/help\/323540651073243<br \/>\nTwitter:&nbsp;https:\/\/twitter.com\/privacy<br \/>\nYouTube:&nbsp;<a href=\"http:\/\/www.youtube.com\/yt\/policyandsafety\/es\/\">http:\/\/www.youtube.com\/yt\/policyandsafety\/es\/<\/a><\/p>\n<p><b><span class=\"Apple-converted-space\">&nbsp;<\/span><\/b><\/p>\n","protected":false},"excerpt":{"rendered":"<p>&nbsp;Betzzia S.L. In ottemperanza alla Legge Organica 3\/2018, LOPD-GDD sulla Protezione dei Dati Personali e Garanzia dei Diritti Digitali, al Regolamento Europeo 2016\/679 sulla protezione dei dati personali (RGPD) e alla Legge 34\/2002, dell\u201911 luglio, sui Servizi della Societ\u00e0 dell\u2019Informazione e sul Commercio Elettronico (LSSICE), Betzzia S.L. informa gli Utenti di aver creato un profilo sui social network Facebook, Twitter, Instagram, LinkedIn e YouTube con la finalit\u00e0 principale di fornire informazioni e pubblicizzare i propri prodotti e servizi. Betzzia S.L. Alemania, 24 &nbsp; 08917 &nbsp; Barcelona www.betzzia.com info@betzzia.com L\u2019Utente dispone di un profilo sul medesimo Social Network e ha deciso di unirsi alla pagina creata da Betzzia S.L., mostrando cos\u00ec interesse per le informazioni pubblicate sulla Rete. Unendosi alla nostra pagina, ci fornisce il suo consenso al trattamento dei dati personali pubblicati nel suo profilo. L\u2019utente pu\u00f2 accedere in qualsiasi momento alle politiche sulla privacy del proprio Social Network, nonch\u00e9 configurare il proprio profilo per garantirne la riservatezza. Betzzia S.L. tratta le informazioni pubbliche dell\u2019Utente, in particolare il suo nome di contatto. Questi dati vengono utilizzati esclusivamente all\u2019interno del Social Network stesso e non sono inseriti in alcun archivio. In relazione ai diritti di accesso, rettifica, cancellazione e opposizione, di&#8230;<\/p>\n","protected":false},"author":1,"featured_media":123406,"parent":0,"menu_order":0,"comment_status":"closed","ping_status":"closed","template":"","meta":{"_acf_changed":false,"inline_featured_image":false,"footnotes":""},"class_list":["post-124105","page","type-page","status-publish","has-post-thumbnail","hentry"],"acf":[],"yoast_head":"<!-- This site is optimized with the Yoast SEO plugin v26.9 - https:\/\/yoast.com\/product\/yoast-seo-wordpress\/ -->\n<title>Politica dei social network - Betzzia<\/title>\n<meta name=\"robots\" content=\"index, follow, max-snippet:-1, max-image-preview:large, max-video-preview:-1\" \/>\n<link rel=\"canonical\" href=\"https:\/\/betzzia.com\/it\/politica-dei-social-network\/\" \/>\n<meta property=\"og:locale\" content=\"it_IT\" \/>\n<meta property=\"og:type\" content=\"article\" \/>\n<meta property=\"og:title\" content=\"Politica dei social network - Betzzia\" \/>\n<meta property=\"og:description\" content=\"&nbsp;Betzzia S.L. In ottemperanza alla Legge Organica 3\/2018, LOPD-GDD sulla Protezione dei Dati Personali e Garanzia dei Diritti Digitali, al Regolamento Europeo 2016\/679 sulla protezione dei dati personali (RGPD) e alla Legge 34\/2002, dell\u201911 luglio, sui Servizi della Societ\u00e0 dell\u2019Informazione e sul Commercio Elettronico (LSSICE), Betzzia S.L. informa gli Utenti di aver creato un profilo sui social network Facebook, Twitter, Instagram, LinkedIn e YouTube con la finalit\u00e0 principale di fornire informazioni e pubblicizzare i propri prodotti e servizi. Betzzia S.L. Alemania, 24 &nbsp; 08917 &nbsp; Barcelona www.betzzia.com info@betzzia.com L\u2019Utente dispone di un profilo sul medesimo Social Network e ha deciso di unirsi alla pagina creata da Betzzia S.L., mostrando cos\u00ec interesse per le informazioni pubblicate sulla Rete. Unendosi alla nostra pagina, ci fornisce il suo consenso al trattamento dei dati personali pubblicati nel suo profilo. L\u2019utente pu\u00f2 accedere in qualsiasi momento alle politiche sulla privacy del proprio Social Network, nonch\u00e9 configurare il proprio profilo per garantirne la riservatezza. Betzzia S.L. tratta le informazioni pubbliche dell\u2019Utente, in particolare il suo nome di contatto. Questi dati vengono utilizzati esclusivamente all\u2019interno del Social Network stesso e non sono inseriti in alcun archivio. In relazione ai diritti di accesso, rettifica, cancellazione e opposizione, di...\" \/>\n<meta property=\"og:url\" content=\"https:\/\/betzzia.com\/it\/politica-dei-social-network\/\" \/>\n<meta property=\"og:site_name\" content=\"Betzzia\" \/>\n<meta property=\"article:publisher\" content=\"https:\/\/www.facebook.com\/betzzia\/\" \/>\n<meta property=\"og:image\" content=\"https:\/\/betzzia.com\/wp-content\/uploads\/2020\/06\/home-\u2013-4.jpg\" \/>\n\t<meta property=\"og:image:width\" content=\"1920\" \/>\n\t<meta property=\"og:image:height\" content=\"1100\" \/>\n\t<meta property=\"og:image:type\" content=\"image\/jpeg\" \/>\n<meta name=\"twitter:card\" content=\"summary_large_image\" \/>\n<meta name=\"twitter:label1\" content=\"Tempo di lettura stimato\" \/>\n\t<meta name=\"twitter:data1\" content=\"7 minuti\" \/>\n<script type=\"application\/ld+json\" class=\"yoast-schema-graph\">{\"@context\":\"https:\/\/schema.org\",\"@graph\":[{\"@type\":\"WebPage\",\"@id\":\"https:\/\/betzzia.com\/it\/politica-dei-social-network\/\",\"url\":\"https:\/\/betzzia.com\/it\/politica-dei-social-network\/\",\"name\":\"Politica dei social network - Betzzia\",\"isPartOf\":{\"@id\":\"https:\/\/betzzia.com\/it\/#website\"},\"primaryImageOfPage\":{\"@id\":\"https:\/\/betzzia.com\/it\/politica-dei-social-network\/#primaryimage\"},\"image\":{\"@id\":\"https:\/\/betzzia.com\/it\/politica-dei-social-network\/#primaryimage\"},\"thumbnailUrl\":\"https:\/\/betzzia.com\/wp-content\/uploads\/2020\/06\/home-\u2013-4.jpg\",\"datePublished\":\"2021-01-22T08:17:35+00:00\",\"breadcrumb\":{\"@id\":\"https:\/\/betzzia.com\/it\/politica-dei-social-network\/#breadcrumb\"},\"inLanguage\":\"it-IT\",\"potentialAction\":[{\"@type\":\"ReadAction\",\"target\":[\"https:\/\/betzzia.com\/it\/politica-dei-social-network\/\"]}]},{\"@type\":\"ImageObject\",\"inLanguage\":\"it-IT\",\"@id\":\"https:\/\/betzzia.com\/it\/politica-dei-social-network\/#primaryimage\",\"url\":\"https:\/\/betzzia.com\/wp-content\/uploads\/2020\/06\/home-\u2013-4.jpg\",\"contentUrl\":\"https:\/\/betzzia.com\/wp-content\/uploads\/2020\/06\/home-\u2013-4.jpg\",\"width\":1920,\"height\":1100},{\"@type\":\"BreadcrumbList\",\"@id\":\"https:\/\/betzzia.com\/it\/politica-dei-social-network\/#breadcrumb\",\"itemListElement\":[{\"@type\":\"ListItem\",\"position\":1,\"name\":\"Portada\",\"item\":\"https:\/\/betzzia.com\/it\/home-betzzia-ok\/\"},{\"@type\":\"ListItem\",\"position\":2,\"name\":\"Politica dei social network\"}]},{\"@type\":\"WebSite\",\"@id\":\"https:\/\/betzzia.com\/it\/#website\",\"url\":\"https:\/\/betzzia.com\/it\/\",\"name\":\"Betzzia\",\"description\":\"Vestidos de fiesta dise\u00f1ados y fabricados en Espa\u00f1a\",\"potentialAction\":[{\"@type\":\"SearchAction\",\"target\":{\"@type\":\"EntryPoint\",\"urlTemplate\":\"https:\/\/betzzia.com\/it\/?s={search_term_string}\"},\"query-input\":{\"@type\":\"PropertyValueSpecification\",\"valueRequired\":true,\"valueName\":\"search_term_string\"}}],\"inLanguage\":\"it-IT\"}]}<\/script>\n<!-- \/ Yoast SEO plugin. -->","yoast_head_json":{"title":"Politica dei social network - Betzzia","robots":{"index":"index","follow":"follow","max-snippet":"max-snippet:-1","max-image-preview":"max-image-preview:large","max-video-preview":"max-video-preview:-1"},"canonical":"https:\/\/betzzia.com\/it\/politica-dei-social-network\/","og_locale":"it_IT","og_type":"article","og_title":"Politica dei social network - Betzzia","og_description":"&nbsp;Betzzia S.L. In ottemperanza alla Legge Organica 3\/2018, LOPD-GDD sulla Protezione dei Dati Personali e Garanzia dei Diritti Digitali, al Regolamento Europeo 2016\/679 sulla protezione dei dati personali (RGPD) e alla Legge 34\/2002, dell\u201911 luglio, sui Servizi della Societ\u00e0 dell\u2019Informazione e sul Commercio Elettronico (LSSICE), Betzzia S.L. informa gli Utenti di aver creato un profilo sui social network Facebook, Twitter, Instagram, LinkedIn e YouTube con la finalit\u00e0 principale di fornire informazioni e pubblicizzare i propri prodotti e servizi. Betzzia S.L. Alemania, 24 &nbsp; 08917 &nbsp; Barcelona www.betzzia.com info@betzzia.com L\u2019Utente dispone di un profilo sul medesimo Social Network e ha deciso di unirsi alla pagina creata da Betzzia S.L., mostrando cos\u00ec interesse per le informazioni pubblicate sulla Rete. Unendosi alla nostra pagina, ci fornisce il suo consenso al trattamento dei dati personali pubblicati nel suo profilo. L\u2019utente pu\u00f2 accedere in qualsiasi momento alle politiche sulla privacy del proprio Social Network, nonch\u00e9 configurare il proprio profilo per garantirne la riservatezza. Betzzia S.L. tratta le informazioni pubbliche dell\u2019Utente, in particolare il suo nome di contatto. Questi dati vengono utilizzati esclusivamente all\u2019interno del Social Network stesso e non sono inseriti in alcun archivio. In relazione ai diritti di accesso, rettifica, cancellazione e opposizione, di...","og_url":"https:\/\/betzzia.com\/it\/politica-dei-social-network\/","og_site_name":"Betzzia","article_publisher":"https:\/\/www.facebook.com\/betzzia\/","og_image":[{"width":1920,"height":1100,"url":"https:\/\/betzzia.com\/wp-content\/uploads\/2020\/06\/home-\u2013-4.jpg","type":"image\/jpeg"}],"twitter_card":"summary_large_image","twitter_misc":{"Tempo di lettura stimato":"7 minuti"},"schema":{"@context":"https:\/\/schema.org","@graph":[{"@type":"WebPage","@id":"https:\/\/betzzia.com\/it\/politica-dei-social-network\/","url":"https:\/\/betzzia.com\/it\/politica-dei-social-network\/","name":"Politica dei social network - Betzzia","isPartOf":{"@id":"https:\/\/betzzia.com\/it\/#website"},"primaryImageOfPage":{"@id":"https:\/\/betzzia.com\/it\/politica-dei-social-network\/#primaryimage"},"image":{"@id":"https:\/\/betzzia.com\/it\/politica-dei-social-network\/#primaryimage"},"thumbnailUrl":"https:\/\/betzzia.com\/wp-content\/uploads\/2020\/06\/home-\u2013-4.jpg","datePublished":"2021-01-22T08:17:35+00:00","breadcrumb":{"@id":"https:\/\/betzzia.com\/it\/politica-dei-social-network\/#breadcrumb"},"inLanguage":"it-IT","potentialAction":[{"@type":"ReadAction","target":["https:\/\/betzzia.com\/it\/politica-dei-social-network\/"]}]},{"@type":"ImageObject","inLanguage":"it-IT","@id":"https:\/\/betzzia.com\/it\/politica-dei-social-network\/#primaryimage","url":"https:\/\/betzzia.com\/wp-content\/uploads\/2020\/06\/home-\u2013-4.jpg","contentUrl":"https:\/\/betzzia.com\/wp-content\/uploads\/2020\/06\/home-\u2013-4.jpg","width":1920,"height":1100},{"@type":"BreadcrumbList","@id":"https:\/\/betzzia.com\/it\/politica-dei-social-network\/#breadcrumb","itemListElement":[{"@type":"ListItem","position":1,"name":"Portada","item":"https:\/\/betzzia.com\/it\/home-betzzia-ok\/"},{"@type":"ListItem","position":2,"name":"Politica dei social network"}]},{"@type":"WebSite","@id":"https:\/\/betzzia.com\/it\/#website","url":"https:\/\/betzzia.com\/it\/","name":"Betzzia","description":"Vestidos de fiesta dise\u00f1ados y fabricados en Espa\u00f1a","potentialAction":[{"@type":"SearchAction","target":{"@type":"EntryPoint","urlTemplate":"https:\/\/betzzia.com\/it\/?s={search_term_string}"},"query-input":{"@type":"PropertyValueSpecification","valueRequired":true,"valueName":"search_term_string"}}],"inLanguage":"it-IT"}]}},"_links":{"self":[{"href":"https:\/\/betzzia.com\/it\/wp-json\/wp\/v2\/pages\/124105","targetHints":{"allow":["GET"]}}],"collection":[{"href":"https:\/\/betzzia.com\/it\/wp-json\/wp\/v2\/pages"}],"about":[{"href":"https:\/\/betzzia.com\/it\/wp-json\/wp\/v2\/types\/page"}],"author":[{"embeddable":true,"href":"https:\/\/betzzia.com\/it\/wp-json\/wp\/v2\/users\/1"}],"replies":[{"embeddable":true,"href":"https:\/\/betzzia.com\/it\/wp-json\/wp\/v2\/comments?post=124105"}],"version-history":[{"count":0,"href":"https:\/\/betzzia.com\/it\/wp-json\/wp\/v2\/pages\/124105\/revisions"}],"wp:featuredmedia":[{"embeddable":true,"href":"https:\/\/betzzia.com\/it\/wp-json\/wp\/v2\/media\/123406"}],"wp:attachment":[{"href":"https:\/\/betzzia.com\/it\/wp-json\/wp\/v2\/media?parent=124105"}],"curies":[{"name":"wp","href":"https:\/\/api.w.org\/{rel}","templated":true}]}}