{"id":124106,"date":"2021-03-08T08:42:12","date_gmt":"2021-03-08T08:42:12","guid":{"rendered":"https:\/\/betzzia.com\/politica-sui-cookie\/"},"modified":"2021-03-08T08:42:12","modified_gmt":"2021-03-08T08:42:12","slug":"politica-sui-cookie","status":"publish","type":"page","link":"https:\/\/betzzia.com\/it\/politica-sui-cookie\/","title":{"rendered":"Politica sui cookie"},"content":{"rendered":"<p><b>Cosa sono e a cosa servono?<\/b><\/p>\n<p>Questo sito web, come la maggior parte dei siti web su Internet, utilizza i cookie per migliorare l\u2019esperienza dell\u2019utente. Di seguito troverete informazioni su cosa sono i cookie, che tipo di cookie utilizza questo portale, come disattivare i cookie nel vostro browser e come disattivare specificamente l\u2019installazione dei cookie di terze parti. <\/p>\n<p><b>Cosa sono i cookie?<\/b><\/p>\n<p>I cookie sono piccoli file che alcune piattaforme, come i siti web, possono installare sul vostro computer, smartphone, tablet o TV connessa. Le loro funzioni possono essere molto varie: memorizzare le preferenze di navigazione, raccogliere informazioni statistiche, consentire alcune funzionalit\u00e0 tecniche, ecc. Talvolta i cookie vengono utilizzati per memorizzare informazioni di base sulle abitudini di navigazione dell\u2019utente o del suo dispositivo, fino al punto, a seconda dei casi, di poterlo riconoscere.  <\/p>\n<p><b>Perch\u00e9 sono importanti?<\/b><\/p>\n<p>I cookie sono utili per diversi motivi. Dal punto di vista tecnico, permettono ai siti web di funzionare in modo pi\u00f9 rapido e adattato alle vostre preferenze, come memorizzare la lingua o la valuta del vostro paese. Inoltre, aiutano i responsabili dei siti web a migliorare i servizi offerti, grazie alle informazioni statistiche raccolte tramite i cookie.  <\/p>\n<p><b>Tipologia, Finalit\u00e0 e Funzionamento dei Cookie<\/b><\/p>\n<p>I cookie, in base alla loro durata, possono essere suddivisi in cookie di sessione o permanenti. I primi scadono quando l\u2019utente chiude il browser. I secondi scadono al raggiungimento dell\u2019obiettivo per cui sono stati creati (ad esempio, per mantenere l\u2019utente identificato sulle pagine di www.betzzia.com) oppure quando vengono cancellati manualmente.  <\/p>\n<p>Inoltre, in base al loro scopo, i cookie possono essere classificati come segue:<\/p>\n<p><b>Cookie di Prestazione:<\/b> Questo tipo di cookie memorizza le vostre preferenze per gli strumenti presenti nelle pagine, quindi non \u00e8 necessario riconfigurarli ogni volta che visitate il sito. A titolo di esempio, in questa tipologia rientrano: <\/p>\n<ul>\n<li>Impostazioni del volume dei lettori video o audio.<\/li>\n<li>Le velocit\u00e0 di trasmissione video compatibili con il vostro browser.<\/li>\n<\/ul>\n<p><b>Cookie di Geolocalizzazione:<\/b> Questi cookie vengono utilizzati per determinare in quale paese vi trovate durante la navigazione sul sito web. Questo cookie \u00e8 completamente anonimo e viene utilizzato solo per adattare i contenuti alla vostra posizione. <\/p>\n<p><b>Cookie di Registrazione: <\/b>I cookie di registrazione vengono generati una volta che l\u2019utente si \u00e8 registrato o ha iniziato la sessione, e vengono utilizzati per identificarlo sulle pagine con i seguenti obiettivi:<\/p>\n<ul>\n<li>Mantenere l\u2019utente identificato in modo che, se chiude una pagina, il browser o il computer e successivamente torna su quella pagina in un altro momento o giorno, rester\u00e0 identificato, facilitando cos\u00ec la navigazione senza dover effettuare nuovamente il login. Questa funzionalit\u00e0 pu\u00f2 essere disattivata se l\u2019utente clicca su \u201cchiudi sessione\u201d, momento in cui il cookie viene eliminato e alla prossima visita l\u2019utente dovr\u00e0 effettuare il login per essere identificato. <\/li>\n<li>Verificare se l\u2019utente \u00e8 autorizzato ad accedere a determinate pagine, ad esempio per partecipare a un concorso.<\/li>\n<li>Inoltre, alcune pagine possono utilizzare connettori con social network come Facebook, Instagram, YouTube o Twitter. Quando l\u2019utente si registra su una pagina con le credenziali di un social network, autorizza il social network a salvare un cookie persistente che memorizza la sua identit\u00e0 e garantisce l\u2019accesso alle pagine fino alla scadenza. L\u2019utente pu\u00f2 eliminare questo cookie e revocare l\u2019accesso alle pagine tramite i social network aggiornando le proprie preferenze nel social network specifico.  <\/li>\n<\/ul>\n<p><b>Cookie Analitici:<\/b> Ogni volta che un utente visita una pagina, uno strumento di un fornitore esterno (nel nostro caso Google Analytics) genera un cookie analitico sul computer dell\u2019utente. Questo cookie, che viene generato solo durante la visita, servir\u00e0 nelle visite future alle pagine di www.betzzia.com per identificare in modo anonimo il visitatore. Gli obiettivi principali sono:  <\/p>\n<ul>\n<li>Consentire l\u2019identificazione anonima degli utenti che navigano tramite il \u201ccookie\u201d (identifica browser e dispositivi, non persone) e quindi il conteggio approssimativo del numero di visitatori e della loro tendenza nel tempo.<\/li>\n<li>Identificare in modo anonimo i contenuti pi\u00f9 visitati e quindi pi\u00f9 interessanti per gli utenti.<\/li>\n<li>Verificare se l\u2019utente che sta accedendo \u00e8 nuovo o ritorna per una visita.<\/li>\n<\/ul>\n<p><b>Importante:<\/b> A meno che l\u2019utente non decida registrarsi sul sito www.betzzia.com, il \u201ccookie\u201d non sar\u00e0 mai associato a dati personali che possano identificarlo. Questi cookie saranno utilizzati solo a scopi statistici per aiutare a ottimizzare l\u2019esperienza degli utenti sul sito. <\/p>\n<p><b>Altri cookie di terze parti<\/b><\/p>\n<p>Su alcune delle nostre pagine possono essere installati cookie di terze parti che permettono di gestire e migliorare i servizi da esse offerti. Un esempio di questo utilizzo sono i collegamenti ai social network che consentono di condividere i nostri contenuti. <\/p>\n<p><b>Come posso impostare le mie preferenze?<\/b><\/p>\n<p>Pu\u00f2 consentire, bloccare o eliminare i cookie installati sul suo dispositivo tramite le impostazioni del suo browser Internet. Nel caso in cui li blocchi, \u00e8 possibile che alcuni servizi che ne richiedono l\u2019uso non siano disponibili. <span class=\"Apple-converted-space\">&nbsp;<\/span><\/p>\n<p><b>Utilizzo dei Cookie<\/b><\/p>\n<p>I cookie sono file inviati a un browser tramite un server web per registrare le attivit\u00e0 dell\u2019utente su un determinato sito web. Il primo scopo dei cookie \u00e8 facilitare all\u2019utente un accesso pi\u00f9 rapido alle pagine selezionate. <\/p>\n<p>Il sito www.betzzia.com utilizza i cookie per personalizzare e facilitare al massimo la navigazione dell\u2019utente. I cookie sono associati esclusivamente a un utente anonimo e al suo dispositivo e non forniscono riferimenti che possano ricavare dati personali dell\u2019utente. L\u2019utente pu\u00f2 configurare il proprio browser in modo da ricevere notifiche e rifiutare l\u2019installazione dei cookie inviati dal sito www.betzzia.com, senza che ci\u00f2 comprometta l\u2019accesso ai contenuti. Tuttavia, si segnala che, in ogni caso, la qualit\u00e0 del funzionamento del sito web potrebbe diminuire.   <\/p>\n<p>Inoltre, il sito www.betzzia.com potr\u00e0 conoscere tutte le pagine visitate dagli utenti, cos\u00ec da poter fornire o offrire informazioni adeguate ai gusti e alle preferenze di ciascun utente.<\/p>\n<p><b>Come disattivare i Cookie nei principali browser<\/b><\/p>\n<p>Normalmente \u00e8 possibile smettere di accettare i cookie del browser o smettere di accettare i cookie di una pagina specifica.<\/p>\n<p>Tutti i browser moderni consentono di modificare le impostazioni dei cookie. Questa impostazione si trova normalmente nelle \u201cOpzioni\u201d o \u201cPreferenze\u201d del menu del browser. <\/p>\n<p>Il sito www.betzzia.com offre indicazioni all\u2019utente sui passaggi per accedere al menu di configurazione dei cookie e, se del caso, alla navigazione privata in ciascuno dei principali browser:<\/p>\n<ul>\n<li>Internet Explorer: Strumenti -&gt; Opzioni Internet -&gt; Privacy -&gt; Impostazioni.\n<ul>\n<li>Per ulteriori informazioni, \u00e8 possibile consultare il supporto di Microsoft o la Guida del browser.<\/li>\n<\/ul>\n<\/li>\n<li>Firefox: Herramientas -&gt; Opciones -&gt; Privacidad -&gt; Hist\u00f3rico -&gt; Configuraci\u00f3n Personalizada.\n<ul>\n<li>Per ulteriori informazioni, \u00e8 possibile consultare il supporto di Mozilla o la Guida del browser.<\/li>\n<\/ul>\n<\/li>\n<li>Chrome: Impostazioni -&gt; Mostra opzioni avanzate -&gt; Privacy-&gt; Impostazioni contenuti.\n<ul>\n<li>Per ulteriori informazioni, \u00e8 possibile consultare il supporto di Google o la Guida del browser.<\/li>\n<\/ul>\n<\/li>\n<li>Safari: Preferenze -&gt; Sicurezza.\n<ul>\n<li>Per ulteriori informazioni, \u00e8 possibile consultare il supporto di Apple o la Guida del browser<b>.<\/b><\/li>\n<\/ul>\n<\/li>\n<\/ul>\n<p><b>Cosa succede se si disattivano i cookie?<\/b><\/p>\n<p>Alcune funzionalit\u00e0 delle pagine verranno disattivate, come ad esempio rimanere identificati, ricevere informazioni basate sulla vostra posizione o la visualizzazione di alcuni video.<\/p>\n<p><b>Aggiornamento e modifiche alla politica sui Cookie<\/b><\/p>\n<p>Il sito www.betzzia.com pu\u00f2 modificare questa Politica sui Cookie in base a requisiti legislativi, normativi o al fine di adattare tale politica alle istruzioni impartite dall\u2019Agenzia Spagnola per la Protezione dei Dati, pertanto si consiglia agli utenti di consultarla periodicamente.<\/p>\n<p>Quando si verificheranno modifiche significative a questa Politica sui Cookie, verranno comunicate agli utenti tramite il sito web.<\/p>\n<p>Per quanto riguarda i cookie di terze parti, ossia quelli estranei al nostro sito web, non possiamo essere ritenuti responsabili del contenuto e della veridicit\u00e0 delle politiche sulla privacy da loro incluse, pertanto le informazioni che forniamo sono sempre riferite alla fonte.<\/p>\n","protected":false},"excerpt":{"rendered":"<p>Cosa sono e a cosa servono? Questo sito web, come la maggior parte dei siti web su Internet, utilizza i cookie per migliorare l\u2019esperienza dell\u2019utente. Di seguito troverete informazioni su cosa sono i cookie, che tipo di cookie utilizza questo portale, come disattivare i cookie nel vostro browser e come disattivare specificamente l\u2019installazione dei cookie di terze parti. Cosa sono i cookie? I cookie sono piccoli file che alcune piattaforme, come i siti web, possono installare sul vostro computer, smartphone, tablet o TV connessa. Le loro funzioni possono essere molto varie: memorizzare le preferenze di navigazione, raccogliere informazioni statistiche, consentire alcune funzionalit\u00e0 tecniche, ecc. Talvolta i cookie vengono utilizzati per memorizzare informazioni di base sulle abitudini di navigazione dell\u2019utente o del suo dispositivo, fino al punto, a seconda dei casi, di poterlo riconoscere. Perch\u00e9 sono importanti? I cookie sono utili per diversi motivi. Dal punto di vista tecnico, permettono ai siti web di funzionare in modo pi\u00f9 rapido e adattato alle vostre preferenze, come memorizzare la lingua o la valuta del vostro paese. Inoltre, aiutano i responsabili dei siti web a migliorare i servizi offerti, grazie alle informazioni statistiche raccolte tramite i cookie. Tipologia, Finalit\u00e0 e Funzionamento dei Cookie I&#8230;<\/p>\n","protected":false},"author":1,"featured_media":123406,"parent":0,"menu_order":0,"comment_status":"closed","ping_status":"closed","template":"","meta":{"_acf_changed":false,"inline_featured_image":false,"footnotes":""},"class_list":["post-124106","page","type-page","status-publish","has-post-thumbnail","hentry"],"acf":[],"yoast_head":"<!-- This site is optimized with the Yoast SEO plugin v26.9 - https:\/\/yoast.com\/product\/yoast-seo-wordpress\/ -->\n<title>Politica sui cookie - Betzzia<\/title>\n<meta name=\"robots\" content=\"index, follow, max-snippet:-1, max-image-preview:large, max-video-preview:-1\" \/>\n<link rel=\"canonical\" href=\"https:\/\/betzzia.com\/it\/politica-sui-cookie\/\" \/>\n<meta property=\"og:locale\" content=\"it_IT\" \/>\n<meta property=\"og:type\" content=\"article\" \/>\n<meta property=\"og:title\" content=\"Politica sui cookie - Betzzia\" \/>\n<meta property=\"og:description\" content=\"Cosa sono e a cosa servono? Questo sito web, come la maggior parte dei siti web su Internet, utilizza i cookie per migliorare l\u2019esperienza dell\u2019utente. Di seguito troverete informazioni su cosa sono i cookie, che tipo di cookie utilizza questo portale, come disattivare i cookie nel vostro browser e come disattivare specificamente l\u2019installazione dei cookie di terze parti. Cosa sono i cookie? I cookie sono piccoli file che alcune piattaforme, come i siti web, possono installare sul vostro computer, smartphone, tablet o TV connessa. Le loro funzioni possono essere molto varie: memorizzare le preferenze di navigazione, raccogliere informazioni statistiche, consentire alcune funzionalit\u00e0 tecniche, ecc. Talvolta i cookie vengono utilizzati per memorizzare informazioni di base sulle abitudini di navigazione dell\u2019utente o del suo dispositivo, fino al punto, a seconda dei casi, di poterlo riconoscere. Perch\u00e9 sono importanti? I cookie sono utili per diversi motivi. Dal punto di vista tecnico, permettono ai siti web di funzionare in modo pi\u00f9 rapido e adattato alle vostre preferenze, come memorizzare la lingua o la valuta del vostro paese. Inoltre, aiutano i responsabili dei siti web a migliorare i servizi offerti, grazie alle informazioni statistiche raccolte tramite i cookie. Tipologia, Finalit\u00e0 e Funzionamento dei Cookie I...\" \/>\n<meta property=\"og:url\" content=\"https:\/\/betzzia.com\/it\/politica-sui-cookie\/\" \/>\n<meta property=\"og:site_name\" content=\"Betzzia\" \/>\n<meta property=\"article:publisher\" content=\"https:\/\/www.facebook.com\/betzzia\/\" \/>\n<meta property=\"og:image\" content=\"https:\/\/betzzia.com\/wp-content\/uploads\/2020\/06\/home-\u2013-4.jpg\" \/>\n\t<meta property=\"og:image:width\" content=\"1920\" \/>\n\t<meta property=\"og:image:height\" content=\"1100\" \/>\n\t<meta property=\"og:image:type\" content=\"image\/jpeg\" \/>\n<meta name=\"twitter:card\" content=\"summary_large_image\" \/>\n<meta name=\"twitter:label1\" content=\"Tempo di lettura stimato\" \/>\n\t<meta name=\"twitter:data1\" content=\"6 minuti\" \/>\n<script type=\"application\/ld+json\" class=\"yoast-schema-graph\">{\"@context\":\"https:\/\/schema.org\",\"@graph\":[{\"@type\":\"WebPage\",\"@id\":\"https:\/\/betzzia.com\/it\/politica-sui-cookie\/\",\"url\":\"https:\/\/betzzia.com\/it\/politica-sui-cookie\/\",\"name\":\"Politica sui cookie - Betzzia\",\"isPartOf\":{\"@id\":\"https:\/\/betzzia.com\/it\/#website\"},\"primaryImageOfPage\":{\"@id\":\"https:\/\/betzzia.com\/it\/politica-sui-cookie\/#primaryimage\"},\"image\":{\"@id\":\"https:\/\/betzzia.com\/it\/politica-sui-cookie\/#primaryimage\"},\"thumbnailUrl\":\"https:\/\/betzzia.com\/wp-content\/uploads\/2020\/06\/home-\u2013-4.jpg\",\"datePublished\":\"2021-03-08T08:42:12+00:00\",\"breadcrumb\":{\"@id\":\"https:\/\/betzzia.com\/it\/politica-sui-cookie\/#breadcrumb\"},\"inLanguage\":\"it-IT\",\"potentialAction\":[{\"@type\":\"ReadAction\",\"target\":[\"https:\/\/betzzia.com\/it\/politica-sui-cookie\/\"]}]},{\"@type\":\"ImageObject\",\"inLanguage\":\"it-IT\",\"@id\":\"https:\/\/betzzia.com\/it\/politica-sui-cookie\/#primaryimage\",\"url\":\"https:\/\/betzzia.com\/wp-content\/uploads\/2020\/06\/home-\u2013-4.jpg\",\"contentUrl\":\"https:\/\/betzzia.com\/wp-content\/uploads\/2020\/06\/home-\u2013-4.jpg\",\"width\":1920,\"height\":1100},{\"@type\":\"BreadcrumbList\",\"@id\":\"https:\/\/betzzia.com\/it\/politica-sui-cookie\/#breadcrumb\",\"itemListElement\":[{\"@type\":\"ListItem\",\"position\":1,\"name\":\"Portada\",\"item\":\"https:\/\/betzzia.com\/it\/home-betzzia-ok\/\"},{\"@type\":\"ListItem\",\"position\":2,\"name\":\"Politica sui cookie\"}]},{\"@type\":\"WebSite\",\"@id\":\"https:\/\/betzzia.com\/it\/#website\",\"url\":\"https:\/\/betzzia.com\/it\/\",\"name\":\"Betzzia\",\"description\":\"Vestidos de fiesta dise\u00f1ados y fabricados en Espa\u00f1a\",\"potentialAction\":[{\"@type\":\"SearchAction\",\"target\":{\"@type\":\"EntryPoint\",\"urlTemplate\":\"https:\/\/betzzia.com\/it\/?s={search_term_string}\"},\"query-input\":{\"@type\":\"PropertyValueSpecification\",\"valueRequired\":true,\"valueName\":\"search_term_string\"}}],\"inLanguage\":\"it-IT\"}]}<\/script>\n<!-- \/ Yoast SEO plugin. -->","yoast_head_json":{"title":"Politica sui cookie - Betzzia","robots":{"index":"index","follow":"follow","max-snippet":"max-snippet:-1","max-image-preview":"max-image-preview:large","max-video-preview":"max-video-preview:-1"},"canonical":"https:\/\/betzzia.com\/it\/politica-sui-cookie\/","og_locale":"it_IT","og_type":"article","og_title":"Politica sui cookie - Betzzia","og_description":"Cosa sono e a cosa servono? Questo sito web, come la maggior parte dei siti web su Internet, utilizza i cookie per migliorare l\u2019esperienza dell\u2019utente. Di seguito troverete informazioni su cosa sono i cookie, che tipo di cookie utilizza questo portale, come disattivare i cookie nel vostro browser e come disattivare specificamente l\u2019installazione dei cookie di terze parti. Cosa sono i cookie? I cookie sono piccoli file che alcune piattaforme, come i siti web, possono installare sul vostro computer, smartphone, tablet o TV connessa. Le loro funzioni possono essere molto varie: memorizzare le preferenze di navigazione, raccogliere informazioni statistiche, consentire alcune funzionalit\u00e0 tecniche, ecc. Talvolta i cookie vengono utilizzati per memorizzare informazioni di base sulle abitudini di navigazione dell\u2019utente o del suo dispositivo, fino al punto, a seconda dei casi, di poterlo riconoscere. Perch\u00e9 sono importanti? I cookie sono utili per diversi motivi. Dal punto di vista tecnico, permettono ai siti web di funzionare in modo pi\u00f9 rapido e adattato alle vostre preferenze, come memorizzare la lingua o la valuta del vostro paese. Inoltre, aiutano i responsabili dei siti web a migliorare i servizi offerti, grazie alle informazioni statistiche raccolte tramite i cookie. Tipologia, Finalit\u00e0 e Funzionamento dei Cookie I...","og_url":"https:\/\/betzzia.com\/it\/politica-sui-cookie\/","og_site_name":"Betzzia","article_publisher":"https:\/\/www.facebook.com\/betzzia\/","og_image":[{"width":1920,"height":1100,"url":"https:\/\/betzzia.com\/wp-content\/uploads\/2020\/06\/home-\u2013-4.jpg","type":"image\/jpeg"}],"twitter_card":"summary_large_image","twitter_misc":{"Tempo di lettura stimato":"6 minuti"},"schema":{"@context":"https:\/\/schema.org","@graph":[{"@type":"WebPage","@id":"https:\/\/betzzia.com\/it\/politica-sui-cookie\/","url":"https:\/\/betzzia.com\/it\/politica-sui-cookie\/","name":"Politica sui cookie - Betzzia","isPartOf":{"@id":"https:\/\/betzzia.com\/it\/#website"},"primaryImageOfPage":{"@id":"https:\/\/betzzia.com\/it\/politica-sui-cookie\/#primaryimage"},"image":{"@id":"https:\/\/betzzia.com\/it\/politica-sui-cookie\/#primaryimage"},"thumbnailUrl":"https:\/\/betzzia.com\/wp-content\/uploads\/2020\/06\/home-\u2013-4.jpg","datePublished":"2021-03-08T08:42:12+00:00","breadcrumb":{"@id":"https:\/\/betzzia.com\/it\/politica-sui-cookie\/#breadcrumb"},"inLanguage":"it-IT","potentialAction":[{"@type":"ReadAction","target":["https:\/\/betzzia.com\/it\/politica-sui-cookie\/"]}]},{"@type":"ImageObject","inLanguage":"it-IT","@id":"https:\/\/betzzia.com\/it\/politica-sui-cookie\/#primaryimage","url":"https:\/\/betzzia.com\/wp-content\/uploads\/2020\/06\/home-\u2013-4.jpg","contentUrl":"https:\/\/betzzia.com\/wp-content\/uploads\/2020\/06\/home-\u2013-4.jpg","width":1920,"height":1100},{"@type":"BreadcrumbList","@id":"https:\/\/betzzia.com\/it\/politica-sui-cookie\/#breadcrumb","itemListElement":[{"@type":"ListItem","position":1,"name":"Portada","item":"https:\/\/betzzia.com\/it\/home-betzzia-ok\/"},{"@type":"ListItem","position":2,"name":"Politica sui cookie"}]},{"@type":"WebSite","@id":"https:\/\/betzzia.com\/it\/#website","url":"https:\/\/betzzia.com\/it\/","name":"Betzzia","description":"Vestidos de fiesta dise\u00f1ados y fabricados en Espa\u00f1a","potentialAction":[{"@type":"SearchAction","target":{"@type":"EntryPoint","urlTemplate":"https:\/\/betzzia.com\/it\/?s={search_term_string}"},"query-input":{"@type":"PropertyValueSpecification","valueRequired":true,"valueName":"search_term_string"}}],"inLanguage":"it-IT"}]}},"_links":{"self":[{"href":"https:\/\/betzzia.com\/it\/wp-json\/wp\/v2\/pages\/124106","targetHints":{"allow":["GET"]}}],"collection":[{"href":"https:\/\/betzzia.com\/it\/wp-json\/wp\/v2\/pages"}],"about":[{"href":"https:\/\/betzzia.com\/it\/wp-json\/wp\/v2\/types\/page"}],"author":[{"embeddable":true,"href":"https:\/\/betzzia.com\/it\/wp-json\/wp\/v2\/users\/1"}],"replies":[{"embeddable":true,"href":"https:\/\/betzzia.com\/it\/wp-json\/wp\/v2\/comments?post=124106"}],"version-history":[{"count":0,"href":"https:\/\/betzzia.com\/it\/wp-json\/wp\/v2\/pages\/124106\/revisions"}],"wp:featuredmedia":[{"embeddable":true,"href":"https:\/\/betzzia.com\/it\/wp-json\/wp\/v2\/media\/123406"}],"wp:attachment":[{"href":"https:\/\/betzzia.com\/it\/wp-json\/wp\/v2\/media?parent=124106"}],"curies":[{"name":"wp","href":"https:\/\/api.w.org\/{rel}","templated":true}]}}