{"id":124108,"date":"2021-04-19T14:55:59","date_gmt":"2021-04-19T14:55:59","guid":{"rendered":"https:\/\/betzzia.com\/politica-di-acquisto-e-resi\/"},"modified":"2021-04-19T14:55:59","modified_gmt":"2021-04-19T14:55:59","slug":"politica-di-acquisto-e-resi","status":"publish","type":"page","link":"https:\/\/betzzia.com\/it\/politica-di-acquisto-e-resi\/","title":{"rendered":"Politica di acquisto e resi"},"content":{"rendered":"<p><b>Betzzia S.L.<\/b><\/p>\n<p>In conformit\u00e0 con la Legge Organica 3\/2018 LOPD-GDD e con il Regolamento Europeo RGPD sulla Protezione dei Dati Personali, abbiamo aggiornato la nostra Politica sulla Privacy. Su questo sito web vengono rispettati e tutelati i dati personali degli utenti. Come utente, devi sapere che i tuoi diritti sono garantiti.  <\/p>\n<p>Si segnala che questa Politica sulla Privacy potrebbe variare in base a esigenze legislative o di autoregolamentazione; si consiglia pertanto agli utenti di consultarla periodicamente. \u00c8 applicabile qualora gli utenti decidano di compilare uno qualsiasi dei moduli di contatto nei quali vengono richiesti dati personali. <\/p>\n<p>Betzzia S.L. ha adeguato questo sito web alle esigenze della Legge Organica 3\/2018 LOPD-GDD e al Regolamento (UE) 2016\/679 del Parlamento Europeo e del Consiglio del 27 aprile 2016 relativo alla protezione delle persone fisiche RGPD, nonch\u00e9 alla Legge 34\/2002 dell\u201911 luglio, sui Servizi della Societ\u00e0 dell\u2019Informazione e del Commercio Elettronico LSSICE.<\/p>\n<p><b>Responsabile del trattamento dei tuoi dati personali<\/b><\/p>\n<ul>\n<li><b>Identit\u00e0 del Responsabile:<\/b>&nbsp;Betzzia S.L.<\/li>\n<li><b>C.I.F.:&nbsp;<\/b>B66377433<\/li>\n<li><b>E-mail:<\/b>&nbsp;info@betzzia.com<\/li>\n<li><b>Indirizzo:<\/b>&nbsp;Alemania, 24&nbsp;&nbsp;08917&nbsp;&nbsp;Barcelona<\/li>\n<li><b>Web:<\/b>&nbsp;www.betzzia.com<\/li>\n<\/ul>\n<p><b>Delegato per la Protezione dei Dati (DPD)&nbsp;<\/b><\/p>\n<ul>\n<li><b>Delegato Protezione Dati<\/b>: Francisco Burgos Rubiales<\/li>\n<li><b>E-mail:<\/b> fburgos@audiconsecurity.com<\/li>\n<li><b>Telefono<\/b>: 630835824<\/li>\n<li>https:\/\/sedeagpd.gob.es\/sede-electronica-web\/vistas\/infoSede\/consultaDPD.jsf<\/li>\n<\/ul>\n<p>Resi in Spagna (Penisola e Baleari). Dopo aver ricevuto l\u2019ordine, hai 14 giorni dalla ricezione per effettuare il reso. Segui questi semplici passaggi:<br \/>\nContattaci tramite uno dei seguenti mezzi e comunica il numero d\u2019ordine, gli articoli che desideri restituire e il motivo.<br \/>\n<b>Telefono<\/b>: 93 395 64 36 (Luned\u00ec-Venerd\u00ec, 9:30-13:30 e 15:00-17:00)<br \/>\n<b>E-mail<\/b>: <b>devoluciones@betzzia.com<\/b><br \/>\nPrepara il pacco, conservando gli articoli nel packaging originale (borse, custodie, protezioni, scatole ecc.) insieme al documento di consegna. Chiudi il pacco e scrivi visibilmente il seguente indirizzo:<br \/>\nBETZZIA, SL<br \/>\nc\/ Alemania, 24<br \/>\n08917 &nbsp;&nbsp;Montigal\u00e1 (Badalona)<br \/>\nBarcelona<\/p>\n<p>Ti contatteremo telefonicamente per concordare giorno e ora di ritiro. Invieremo un corriere a ritirare l\u2019ordine. Una volta che il pacco sar\u00e0 arrivato al nostro magazzino e verificato il suo corretto stato, procederemo al rimborso degli articoli resi, detraendo eventuali spese di reso se presenti, tramite lo stesso metodo di pagamento utilizzato per l\u2019acquisto. Ti invieremo un\u2019e-mail informandoti dell\u2019avvenuto rimborso.  <\/p>\n<p>\u00c8 molto importante che l\u2019ordine sia perfettamente imballato e che il prodotto sia in perfette condizioni. Non sar\u00e0 accettato alcun reso n\u00e9 alcuna sostituzione degli articoli che siano stati manomessi, danneggiati o alterati in qualsiasi modo. I prodotti devono essere restituiti nelle stesse condizioni in cui sono stati consegnati, senza essere lavati o danneggiati.<\/p>\n<p>Il rimborso sar\u00e0 dell\u2019intero prezzo del prodotto restituito purch\u00e9 rispetti le condizioni di reso.<span class=\"Apple-converted-space\">&nbsp;<\/span><\/p>\n<p>Salvo resi dovuti a Betzzia, sia per difetto del prodotto sia per errore di spedizione, sar\u00e0 il cliente a sostenere le spese di reso. Per Penisola e Baleari sar\u00e0 di 7\u20ac. Per le Canarie il reso avverr\u00e0 tramite posta. Se il problema \u00e8 generato da Betzzia, saremo noi a sostenere il costo del reso, altrimenti sar\u00e0 a carico del cliente.  <span class=\"Apple-converted-space\">&nbsp;<\/span><\/p>\n<p>Se il reso include un prodotto voluminoso (per pi\u00f9 articoli), il costo del reso dovr\u00e0 essere concordato.<\/p>\n<p>Una volta ricevuto il reso nel nostro magazzino e verificato che il prodotto rispetti tutte le condizioni di un corretto reso, procederemo al rimborso del prodotto restituito e delle spese eventualmente sostenute se applicabili. Betzzia si riserva il diritto di non effettuare il rimborso nel caso in cui il prodotto restituito non corrisponda o non rispetti le condizioni per poterlo rimettere in vendita.<\/p>\n<p>Il termine per effettuare il rimborso sar\u00e0 di circa 72 ore dalla ricezione del reso nel nostro magazzino e dalla relativa verifica dello stato del prodotto. Non superer\u00e0 mai i 30 giorni naturali.<\/p>\n<p>I rimborsi saranno effettuati tramite lo stesso metodo di pagamento utilizzato dal cliente al momento dell\u2019acquisto.<\/p>\n<p>Le spedizioni verso la Penisola saranno entro 72 ore lavorative (salvo forza maggiore). Per le spedizioni verso le Baleari saranno 5 giorni lavorativi (salvo forza maggiore) e non avranno alcun costo. <span class=\"Apple-converted-space\">&nbsp;<\/span><\/p>\n<p>Per le spedizioni verso le Canarie il costo sar\u00e0 di 12\u20ac e arriveranno entro 4-7 giorni lavorativi (salvo forza maggiore).<\/p>\n<p>Betzzia non effettua consegne di sabato, domenica n\u00e9 nei giorni festivi.<\/p>\n","protected":false},"excerpt":{"rendered":"<p>Betzzia S.L. In conformit\u00e0 con la Legge Organica 3\/2018 LOPD-GDD e con il Regolamento Europeo RGPD sulla Protezione dei Dati Personali, abbiamo aggiornato la nostra Politica sulla Privacy. Su questo sito web vengono rispettati e tutelati i dati personali degli utenti. Come utente, devi sapere che i tuoi diritti sono garantiti. Si segnala che questa Politica sulla Privacy potrebbe variare in base a esigenze legislative o di autoregolamentazione; si consiglia pertanto agli utenti di consultarla periodicamente. \u00c8 applicabile qualora gli utenti decidano di compilare uno qualsiasi dei moduli di contatto nei quali vengono richiesti dati personali. Betzzia S.L. ha adeguato questo sito web alle esigenze della Legge Organica 3\/2018 LOPD-GDD e al Regolamento (UE) 2016\/679 del Parlamento Europeo e del Consiglio del 27 aprile 2016 relativo alla protezione delle persone fisiche RGPD, nonch\u00e9 alla Legge 34\/2002 dell\u201911 luglio, sui Servizi della Societ\u00e0 dell\u2019Informazione e del Commercio Elettronico LSSICE. Responsabile del trattamento dei tuoi dati personali Identit\u00e0 del Responsabile:&nbsp;Betzzia S.L. C.I.F.:&nbsp;B66377433 E-mail:&nbsp;info@betzzia.com Indirizzo:&nbsp;Alemania, 24&nbsp;&nbsp;08917&nbsp;&nbsp;Barcelona Web:&nbsp;www.betzzia.com Delegato per la Protezione dei Dati (DPD)&nbsp; Delegato Protezione Dati: Francisco Burgos Rubiales E-mail: fburgos@audiconsecurity.com Telefono: 630835824 https:\/\/sedeagpd.gob.es\/sede-electronica-web\/vistas\/infoSede\/consultaDPD.jsf Resi in Spagna (Penisola e Baleari). Dopo aver ricevuto l\u2019ordine, hai 14 giorni dalla ricezione per effettuare il&#8230;<\/p>\n","protected":false},"author":2,"featured_media":123406,"parent":0,"menu_order":0,"comment_status":"closed","ping_status":"closed","template":"","meta":{"_acf_changed":false,"inline_featured_image":false,"footnotes":""},"class_list":["post-124108","page","type-page","status-publish","has-post-thumbnail","hentry"],"acf":[],"yoast_head":"<!-- This site is optimized with the Yoast SEO plugin v26.9 - https:\/\/yoast.com\/product\/yoast-seo-wordpress\/ -->\n<title>Politica di acquisto e resi - Betzzia<\/title>\n<meta name=\"robots\" content=\"index, follow, max-snippet:-1, max-image-preview:large, max-video-preview:-1\" \/>\n<link rel=\"canonical\" href=\"https:\/\/betzzia.com\/it\/politica-di-acquisto-e-resi\/\" \/>\n<meta property=\"og:locale\" content=\"it_IT\" \/>\n<meta property=\"og:type\" content=\"article\" \/>\n<meta property=\"og:title\" content=\"Politica di acquisto e resi - Betzzia\" \/>\n<meta property=\"og:description\" content=\"Betzzia S.L. In conformit\u00e0 con la Legge Organica 3\/2018 LOPD-GDD e con il Regolamento Europeo RGPD sulla Protezione dei Dati Personali, abbiamo aggiornato la nostra Politica sulla Privacy. Su questo sito web vengono rispettati e tutelati i dati personali degli utenti. Come utente, devi sapere che i tuoi diritti sono garantiti. Si segnala che questa Politica sulla Privacy potrebbe variare in base a esigenze legislative o di autoregolamentazione; si consiglia pertanto agli utenti di consultarla periodicamente. \u00c8 applicabile qualora gli utenti decidano di compilare uno qualsiasi dei moduli di contatto nei quali vengono richiesti dati personali. Betzzia S.L. ha adeguato questo sito web alle esigenze della Legge Organica 3\/2018 LOPD-GDD e al Regolamento (UE) 2016\/679 del Parlamento Europeo e del Consiglio del 27 aprile 2016 relativo alla protezione delle persone fisiche RGPD, nonch\u00e9 alla Legge 34\/2002 dell\u201911 luglio, sui Servizi della Societ\u00e0 dell\u2019Informazione e del Commercio Elettronico LSSICE. Responsabile del trattamento dei tuoi dati personali Identit\u00e0 del Responsabile:&nbsp;Betzzia S.L. C.I.F.:&nbsp;B66377433 E-mail:&nbsp;info@betzzia.com Indirizzo:&nbsp;Alemania, 24&nbsp;&nbsp;08917&nbsp;&nbsp;Barcelona Web:&nbsp;www.betzzia.com Delegato per la Protezione dei Dati (DPD)&nbsp; Delegato Protezione Dati: Francisco Burgos Rubiales E-mail: fburgos@audiconsecurity.com Telefono: 630835824 https:\/\/sedeagpd.gob.es\/sede-electronica-web\/vistas\/infoSede\/consultaDPD.jsf Resi in Spagna (Penisola e Baleari). Dopo aver ricevuto l\u2019ordine, hai 14 giorni dalla ricezione per effettuare il...\" \/>\n<meta property=\"og:url\" content=\"https:\/\/betzzia.com\/it\/politica-di-acquisto-e-resi\/\" \/>\n<meta property=\"og:site_name\" content=\"Betzzia\" \/>\n<meta property=\"article:publisher\" content=\"https:\/\/www.facebook.com\/betzzia\/\" \/>\n<meta property=\"og:image\" content=\"https:\/\/betzzia.com\/wp-content\/uploads\/2020\/06\/home-\u2013-4.jpg\" \/>\n\t<meta property=\"og:image:width\" content=\"1920\" \/>\n\t<meta property=\"og:image:height\" content=\"1100\" \/>\n\t<meta property=\"og:image:type\" content=\"image\/jpeg\" \/>\n<meta name=\"twitter:card\" content=\"summary_large_image\" \/>\n<meta name=\"twitter:label1\" content=\"Tempo di lettura stimato\" \/>\n\t<meta name=\"twitter:data1\" content=\"3 minuti\" \/>\n<script type=\"application\/ld+json\" class=\"yoast-schema-graph\">{\"@context\":\"https:\/\/schema.org\",\"@graph\":[{\"@type\":\"WebPage\",\"@id\":\"https:\/\/betzzia.com\/it\/politica-di-acquisto-e-resi\/\",\"url\":\"https:\/\/betzzia.com\/it\/politica-di-acquisto-e-resi\/\",\"name\":\"Politica di acquisto e resi - Betzzia\",\"isPartOf\":{\"@id\":\"https:\/\/betzzia.com\/it\/#website\"},\"primaryImageOfPage\":{\"@id\":\"https:\/\/betzzia.com\/it\/politica-di-acquisto-e-resi\/#primaryimage\"},\"image\":{\"@id\":\"https:\/\/betzzia.com\/it\/politica-di-acquisto-e-resi\/#primaryimage\"},\"thumbnailUrl\":\"https:\/\/betzzia.com\/wp-content\/uploads\/2020\/06\/home-\u2013-4.jpg\",\"datePublished\":\"2021-04-19T14:55:59+00:00\",\"breadcrumb\":{\"@id\":\"https:\/\/betzzia.com\/it\/politica-di-acquisto-e-resi\/#breadcrumb\"},\"inLanguage\":\"it-IT\",\"potentialAction\":[{\"@type\":\"ReadAction\",\"target\":[\"https:\/\/betzzia.com\/it\/politica-di-acquisto-e-resi\/\"]}]},{\"@type\":\"ImageObject\",\"inLanguage\":\"it-IT\",\"@id\":\"https:\/\/betzzia.com\/it\/politica-di-acquisto-e-resi\/#primaryimage\",\"url\":\"https:\/\/betzzia.com\/wp-content\/uploads\/2020\/06\/home-\u2013-4.jpg\",\"contentUrl\":\"https:\/\/betzzia.com\/wp-content\/uploads\/2020\/06\/home-\u2013-4.jpg\",\"width\":1920,\"height\":1100},{\"@type\":\"BreadcrumbList\",\"@id\":\"https:\/\/betzzia.com\/it\/politica-di-acquisto-e-resi\/#breadcrumb\",\"itemListElement\":[{\"@type\":\"ListItem\",\"position\":1,\"name\":\"Portada\",\"item\":\"https:\/\/betzzia.com\/it\/home-betzzia-ok\/\"},{\"@type\":\"ListItem\",\"position\":2,\"name\":\"Politica di acquisto e resi\"}]},{\"@type\":\"WebSite\",\"@id\":\"https:\/\/betzzia.com\/it\/#website\",\"url\":\"https:\/\/betzzia.com\/it\/\",\"name\":\"Betzzia\",\"description\":\"Vestidos de fiesta dise\u00f1ados y fabricados en Espa\u00f1a\",\"potentialAction\":[{\"@type\":\"SearchAction\",\"target\":{\"@type\":\"EntryPoint\",\"urlTemplate\":\"https:\/\/betzzia.com\/it\/?s={search_term_string}\"},\"query-input\":{\"@type\":\"PropertyValueSpecification\",\"valueRequired\":true,\"valueName\":\"search_term_string\"}}],\"inLanguage\":\"it-IT\"}]}<\/script>\n<!-- \/ Yoast SEO plugin. -->","yoast_head_json":{"title":"Politica di acquisto e resi - Betzzia","robots":{"index":"index","follow":"follow","max-snippet":"max-snippet:-1","max-image-preview":"max-image-preview:large","max-video-preview":"max-video-preview:-1"},"canonical":"https:\/\/betzzia.com\/it\/politica-di-acquisto-e-resi\/","og_locale":"it_IT","og_type":"article","og_title":"Politica di acquisto e resi - Betzzia","og_description":"Betzzia S.L. In conformit\u00e0 con la Legge Organica 3\/2018 LOPD-GDD e con il Regolamento Europeo RGPD sulla Protezione dei Dati Personali, abbiamo aggiornato la nostra Politica sulla Privacy. Su questo sito web vengono rispettati e tutelati i dati personali degli utenti. Come utente, devi sapere che i tuoi diritti sono garantiti. Si segnala che questa Politica sulla Privacy potrebbe variare in base a esigenze legislative o di autoregolamentazione; si consiglia pertanto agli utenti di consultarla periodicamente. \u00c8 applicabile qualora gli utenti decidano di compilare uno qualsiasi dei moduli di contatto nei quali vengono richiesti dati personali. Betzzia S.L. ha adeguato questo sito web alle esigenze della Legge Organica 3\/2018 LOPD-GDD e al Regolamento (UE) 2016\/679 del Parlamento Europeo e del Consiglio del 27 aprile 2016 relativo alla protezione delle persone fisiche RGPD, nonch\u00e9 alla Legge 34\/2002 dell\u201911 luglio, sui Servizi della Societ\u00e0 dell\u2019Informazione e del Commercio Elettronico LSSICE. Responsabile del trattamento dei tuoi dati personali Identit\u00e0 del Responsabile:&nbsp;Betzzia S.L. C.I.F.:&nbsp;B66377433 E-mail:&nbsp;info@betzzia.com Indirizzo:&nbsp;Alemania, 24&nbsp;&nbsp;08917&nbsp;&nbsp;Barcelona Web:&nbsp;www.betzzia.com Delegato per la Protezione dei Dati (DPD)&nbsp; Delegato Protezione Dati: Francisco Burgos Rubiales E-mail: fburgos@audiconsecurity.com Telefono: 630835824 https:\/\/sedeagpd.gob.es\/sede-electronica-web\/vistas\/infoSede\/consultaDPD.jsf Resi in Spagna (Penisola e Baleari). Dopo aver ricevuto l\u2019ordine, hai 14 giorni dalla ricezione per effettuare il...","og_url":"https:\/\/betzzia.com\/it\/politica-di-acquisto-e-resi\/","og_site_name":"Betzzia","article_publisher":"https:\/\/www.facebook.com\/betzzia\/","og_image":[{"width":1920,"height":1100,"url":"https:\/\/betzzia.com\/wp-content\/uploads\/2020\/06\/home-\u2013-4.jpg","type":"image\/jpeg"}],"twitter_card":"summary_large_image","twitter_misc":{"Tempo di lettura stimato":"3 minuti"},"schema":{"@context":"https:\/\/schema.org","@graph":[{"@type":"WebPage","@id":"https:\/\/betzzia.com\/it\/politica-di-acquisto-e-resi\/","url":"https:\/\/betzzia.com\/it\/politica-di-acquisto-e-resi\/","name":"Politica di acquisto e resi - Betzzia","isPartOf":{"@id":"https:\/\/betzzia.com\/it\/#website"},"primaryImageOfPage":{"@id":"https:\/\/betzzia.com\/it\/politica-di-acquisto-e-resi\/#primaryimage"},"image":{"@id":"https:\/\/betzzia.com\/it\/politica-di-acquisto-e-resi\/#primaryimage"},"thumbnailUrl":"https:\/\/betzzia.com\/wp-content\/uploads\/2020\/06\/home-\u2013-4.jpg","datePublished":"2021-04-19T14:55:59+00:00","breadcrumb":{"@id":"https:\/\/betzzia.com\/it\/politica-di-acquisto-e-resi\/#breadcrumb"},"inLanguage":"it-IT","potentialAction":[{"@type":"ReadAction","target":["https:\/\/betzzia.com\/it\/politica-di-acquisto-e-resi\/"]}]},{"@type":"ImageObject","inLanguage":"it-IT","@id":"https:\/\/betzzia.com\/it\/politica-di-acquisto-e-resi\/#primaryimage","url":"https:\/\/betzzia.com\/wp-content\/uploads\/2020\/06\/home-\u2013-4.jpg","contentUrl":"https:\/\/betzzia.com\/wp-content\/uploads\/2020\/06\/home-\u2013-4.jpg","width":1920,"height":1100},{"@type":"BreadcrumbList","@id":"https:\/\/betzzia.com\/it\/politica-di-acquisto-e-resi\/#breadcrumb","itemListElement":[{"@type":"ListItem","position":1,"name":"Portada","item":"https:\/\/betzzia.com\/it\/home-betzzia-ok\/"},{"@type":"ListItem","position":2,"name":"Politica di acquisto e resi"}]},{"@type":"WebSite","@id":"https:\/\/betzzia.com\/it\/#website","url":"https:\/\/betzzia.com\/it\/","name":"Betzzia","description":"Vestidos de fiesta dise\u00f1ados y fabricados en Espa\u00f1a","potentialAction":[{"@type":"SearchAction","target":{"@type":"EntryPoint","urlTemplate":"https:\/\/betzzia.com\/it\/?s={search_term_string}"},"query-input":{"@type":"PropertyValueSpecification","valueRequired":true,"valueName":"search_term_string"}}],"inLanguage":"it-IT"}]}},"_links":{"self":[{"href":"https:\/\/betzzia.com\/it\/wp-json\/wp\/v2\/pages\/124108","targetHints":{"allow":["GET"]}}],"collection":[{"href":"https:\/\/betzzia.com\/it\/wp-json\/wp\/v2\/pages"}],"about":[{"href":"https:\/\/betzzia.com\/it\/wp-json\/wp\/v2\/types\/page"}],"author":[{"embeddable":true,"href":"https:\/\/betzzia.com\/it\/wp-json\/wp\/v2\/users\/2"}],"replies":[{"embeddable":true,"href":"https:\/\/betzzia.com\/it\/wp-json\/wp\/v2\/comments?post=124108"}],"version-history":[{"count":0,"href":"https:\/\/betzzia.com\/it\/wp-json\/wp\/v2\/pages\/124108\/revisions"}],"wp:featuredmedia":[{"embeddable":true,"href":"https:\/\/betzzia.com\/it\/wp-json\/wp\/v2\/media\/123406"}],"wp:attachment":[{"href":"https:\/\/betzzia.com\/it\/wp-json\/wp\/v2\/media?parent=124108"}],"curies":[{"name":"wp","href":"https:\/\/api.w.org\/{rel}","templated":true}]}}